{"id":18,"date":"2010-10-27T10:51:32","date_gmt":"2010-10-27T10:51:32","guid":{"rendered":"http:\/\/www.casacantil.com\/spanish\/?page_id=18"},"modified":"2010-12-17T22:06:59","modified_gmt":"2010-12-17T22:06:59","slug":"meetings-and-events","status":"publish","type":"page","link":"https:\/\/www.casacantil.com\/spanish\/?page_id=18","title":{"rendered":"Reuniones y Eventos"},"content":{"rendered":"<p>Casa Cantil se renta frecuentemente para retiros corporativos. \u00a0El centro de medios cuenta con una pantalla replegable con un proyector que se puede conectar a una laptop. Hay internet inal\u00e1mbrico a lo largo de la propiedad.<\/p>\n<p>La locaci\u00f3n es ideal para mostrar videos y sesiones fotogr\u00e1ficas.<\/p>\n<p>Desafortunadamente, no estamos preparados para organizar bodas, aunque peque\u00f1os banquetes si son posibles.<\/p>\n<p>Por favor, cont\u00e1ctenos para ver de qu\u00e9 manera le podemos servir.<\/p>\n","protected":false},"excerpt":{"rendered":"<p>Casa Cantil se renta frecuentemente para retiros corporativos. \u00a0El centro de medios cuenta con una pantalla replegable con un proyector que se puede conectar a una laptop. Hay internet inal\u00e1mbrico a lo largo de la propiedad. La locaci\u00f3n es ideal para mostrar videos y sesiones fotogr\u00e1ficas. Desafortunadamente, no estamos preparados para organizar bodas, aunque peque\u00f1os [&hellip;]<\/p>\n","protected":false},"author":1,"featured_media":0,"parent":0,"menu_order":0,"comment_status":"open","ping_status":"open","template":"","meta":{"_monsterinsights_skip_tracking":false,"_monsterinsights_sitenote_active":false,"_monsterinsights_sitenote_note":"","_monsterinsights_sitenote_category":0,"ngg_post_thumbnail":0},"aioseo_notices":[],"_links":{"self":[{"href":"https:\/\/www.casacantil.com\/spanish\/index.php?rest_route=\/wp\/v2\/pages\/18"}],"collection":[{"href":"https:\/\/www.casacantil.com\/spanish\/index.php?rest_route=\/wp\/v2\/pages"}],"about":[{"href":"https:\/\/www.casacantil.com\/spanish\/index.php?rest_route=\/wp\/v2\/types\/page"}],"author":[{"embeddable":true,"href":"https:\/\/www.casacantil.com\/spanish\/index.php?rest_route=\/wp\/v2\/users\/1"}],"replies":[{"embeddable":true,"href":"https:\/\/www.casacantil.com\/spanish\/index.php?rest_route=%2Fwp%2Fv2%2Fcomments&post=18"}],"version-history":[{"count":11,"href":"https:\/\/www.casacantil.com\/spanish\/index.php?rest_route=\/wp\/v2\/pages\/18\/revisions"}],"predecessor-version":[{"id":95,"href":"https:\/\/www.casacantil.com\/spanish\/index.php?rest_route=\/wp\/v2\/pages\/18\/revisions\/95"}],"wp:attachment":[{"href":"https:\/\/www.casacantil.com\/spanish\/index.php?rest_route=%2Fwp%2Fv2%2Fmedia&parent=18"}],"curies":[{"name":"wp","href":"https:\/\/api.w.org\/{rel}","templated":true}]}}