{"id":16,"date":"2010-10-27T10:50:48","date_gmt":"2010-10-27T10:50:48","guid":{"rendered":"http:\/\/www.casacantil.com\/spanish\/?page_id=16"},"modified":"2011-01-07T04:14:31","modified_gmt":"2011-01-07T04:14:31","slug":"activities","status":"publish","type":"page","link":"https:\/\/www.casacantil.com\/spanish\/?page_id=16","title":{"rendered":"Valle de Bravo"},"content":{"rendered":"<p>Para el que no conoce Valle de Bravo, esta puede ser una muy agradable sorpresa.<\/p>\n<p>Valle se encuentra en las monta\u00f1as a 60 millas del oeste de la Ciudad de M\u00e9xico. El pueblo de 400 a\u00f1os de antiguedad tiene calles empedradas, y no cuenta con sem\u00e1foros, cines o Starbucks. A pesar de que es considerado como uno de los Pueblos M\u00e1gicos, sorprendentemente casi no hay turistas, por lo menos no internacionales. Es b\u00e1sicamente lo opuesto a Canc\u00fan o Los Cabos.<\/p>\n<p>Es un lugar alegre, en donde permanentemente se est\u00e1 celebrando algo. Desde las terrazas de Casa Cantil, se pueden escuchar las bandas tocar en la plaza del pueblo y uno se pregunta constantemente el por qu\u00e9\u00a0 de los fuegos artificiales a todas horas del d\u00eda. (A la fecha desconocemos los motivos. Al parecer, simplemente, as\u00ed es la gente del lugar.)<\/p>\n<p>Debido a que Valle de Bravo es frecuentado por gente de recursos de la Ciudad de M\u00e9xico durante los fines de semana, el pueblo cuenta con restaurants sofisticados, boutiques, galer\u00edas de arte, spas, y un sinf\u00edn de actividades recreativas. Tambi\u00e9n recomendamos visitar el mercado de\u00a0 artesan\u00edas, y vale la pena visitar el mercado sobre ruedas, pues es posible encontrar delicias que en otros lugares son dif\u00edciles de adquirir con esa calidad. Ambos abren todos los d\u00edas.<\/p>\n<p>El Lago Av\u00e1ndaro se form\u00f3 cuando el gobierno construy\u00f3 una presa en los a\u00f1os \u201830s y \u201840s. En la actualidad,\u00a0 lancheros, windsurfistas, kitesurfistas y personas que practican esqu\u00ed acu\u00e1tico disfrutan el lago de 8 millas cuadradas. Hay regatas con frecuencia (el campeonato de Norteam\u00e9rica J-24 tom\u00f3 lugar aqu\u00ed en el 2009). En los alrededores\u00a0 del lago se encuentran\u00a0 bosques impresionantes, en donde se puede montar a caballo, hacer caminatas, andar en bici de monta\u00f1a, y andar en todo terreno en cuatrimotos. Corredores y excursionistas gozamos del Monte Alto, una reserva natural de 600 hect\u00e1reas que se encuentra atr\u00e1s de Casa Cantil, pues cuenta con miles de senderos que aten\u00faan el impacto de las articulaciones con hojas de pino y delicioso olor a bosque. Cada mes de Abril se lleva a cabo el popular triatl\u00f3n de Valle. Tembien es posible practicar golf, pues la zona cuenta tres campos.<\/p>\n<p>Otra atracci\u00f3n del lugar es el vuelo en Parapente. Los vientos t\u00e9rmicos de Valle atraen voladores de todo el mundo (Valle fue anfitri\u00f3n del campeonato mundial en el 2009). Los principiantes pueden tomar cursos o volar t\u00e1ndem con un profesional. El lugar de despegue se encuentra detr\u00e1s de la casa en Monte Alto y tiene fabulosas vistas. Hasta el momento, nadie ha aterrizado en nuestra alberca, aun que en algunas ocasiones los parapentistas se acercan lo suficiente para intercambiar saludos.<\/p>\n<p>En caso de visitar Valle entre Noviembre y Marzo, se tendr\u00e1 una muy grata compa\u00f1\u00eda. En una sorprendente haza\u00f1a de navegaci\u00f3n, 300 millones de mariposas monarca emigran desde los Estados Unidos y Canad\u00e1 a las mismas tierras en M\u00e9xico a\u00f1o tras a\u00f1o (los cient\u00edficos no est\u00e1n seguros de c\u00f3mo lo logran, especialmente considerando que les toma cinco generaciones para completar un ciclo anual). Es posible caminar o montar a caballo a trav\u00e9s de uno de sus santuarios (a 30 minutos de distancia de Casa Cantil en coche) y estar literalmente rodeado por cinetos mariposas. Es incre\u00edble.<\/p>\n<p>Algunos hu\u00e9spedes deciden tomar tours guiados de la Ciudad de M\u00e9xico y\/o las pir\u00e1mides de Teotihuac\u00e1n o combinan unos d\u00edas en la playa. Puerto Vallarta, Canc\u00fan y la Riviera Maya, Los Cabos, y Oaxaca (la ciudad y sus costas) son excelentes opciones y se encuentran a dos horas\u00a0 m\u00e1ximo, de distancia en avi\u00f3n. San Miguel de Allende se encuentra a 4 horas de distancia manejando.<\/p>\n","protected":false},"excerpt":{"rendered":"<p>Para el que no conoce Valle de Bravo, esta puede ser una muy agradable sorpresa. Valle se encuentra en las monta\u00f1as a 60 millas del oeste de la Ciudad de M\u00e9xico. El pueblo de 400 a\u00f1os de antiguedad tiene calles empedradas, y no cuenta con sem\u00e1foros, cines o Starbucks. A pesar de que es considerado [&hellip;]<\/p>\n","protected":false},"author":1,"featured_media":0,"parent":0,"menu_order":0,"comment_status":"open","ping_status":"open","template":"","meta":{"_monsterinsights_skip_tracking":false,"_monsterinsights_sitenote_active":false,"_monsterinsights_sitenote_note":"","_monsterinsights_sitenote_category":0,"ngg_post_thumbnail":0},"aioseo_notices":[],"_links":{"self":[{"href":"https:\/\/www.casacantil.com\/spanish\/index.php?rest_route=\/wp\/v2\/pages\/16"}],"collection":[{"href":"https:\/\/www.casacantil.com\/spanish\/index.php?rest_route=\/wp\/v2\/pages"}],"about":[{"href":"https:\/\/www.casacantil.com\/spanish\/index.php?rest_route=\/wp\/v2\/types\/page"}],"author":[{"embeddable":true,"href":"https:\/\/www.casacantil.com\/spanish\/index.php?rest_route=\/wp\/v2\/users\/1"}],"replies":[{"embeddable":true,"href":"https:\/\/www.casacantil.com\/spanish\/index.php?rest_route=%2Fwp%2Fv2%2Fcomments&post=16"}],"version-history":[{"count":39,"href":"https:\/\/www.casacantil.com\/spanish\/index.php?rest_route=\/wp\/v2\/pages\/16\/revisions"}],"predecessor-version":[{"id":51,"href":"https:\/\/www.casacantil.com\/spanish\/index.php?rest_route=\/wp\/v2\/pages\/16\/revisions\/51"}],"wp:attachment":[{"href":"https:\/\/www.casacantil.com\/spanish\/index.php?rest_route=%2Fwp%2Fv2%2Fmedia&parent=16"}],"curies":[{"name":"wp","href":"https:\/\/api.w.org\/{rel}","templated":true}]}}